{"id":977,"date":"2021-06-28T12:15:54","date_gmt":"2021-06-28T12:15:54","guid":{"rendered":"http:\/\/bldcpump-local.local\/contact\/"},"modified":"2026-04-26T03:38:39","modified_gmt":"2026-04-26T03:38:39","slug":"contact","status":"publish","type":"page","link":"https:\/\/www.bldcpump.com\/es\/contacto\/","title":{"rendered":"Contacto"},"content":{"rendered":"<main id=\"page-contact\" aria-label=\"P\u00e1gina de contacto\">\n\n  <!-- \u2550\u2550\u2550\u2550\u2550\u2550\u2550\u2550\u2550\u2550\u2550\u2550\u2550\u2550\u2550\u2550\u2550\u2550\u2550\u2550\u2550\u2550\u2550\u2550\u2550\u2550\u2550\u2550\u2550\u2550\u2550\u2550\u2550\u2550\u2550\u2550\u2550\u2550\u2550\u2550\u2550\u2550\u2550\u2550\u2550\u2550\u2550\u2550\u2550\u2550\u2550\n       SECTION 1 -- PAGE HEADER BANNER\n  \u2550\u2550\u2550\u2550\u2550\u2550\u2550\u2550\u2550\u2550\u2550\u2550\u2550\u2550\u2550\u2550\u2550\u2550\u2550\u2550\u2550\u2550\u2550\u2550\u2550\u2550\u2550\u2550\u2550\u2550\u2550\u2550\u2550\u2550\u2550\u2550\u2550\u2550\u2550\u2550\u2550\u2550\u2550\u2550\u2550\u2550\u2550\u2550\u2550\u2550\u2550 -->\n  <section\n    aria-label=\"Encabezado de p\u00e1gina\"\n    style=\"background:linear-gradient(180deg,#062A42 0%,#0B5E8F 100%);position:relative;overflow:hidden;padding:72px 56px 64px;text-align:center;\"\n  >\n    <!-- Grid background -->\n    <div class=\"grid-bg-dark\" style=\"position:absolute;inset:0;opacity:0.65;pointer-events:none;\" aria-hidden=\"true\"><\/div>\n\n    <!-- Radial glow -->\n    <div style=\"position:absolute;top:-60px;left:50%;transform:translateX(-50%);width:700px;height:400px;background:radial-gradient(circle at 50% 40%,rgba(91,196,222,.22),transparent 65%);pointer-events:none;\" aria-hidden=\"true\"><\/div>\n\n    <div style=\"max-width:1280px;margin:0 auto;position:relative;z-index:1;\">\n      <div class=\"kicker\" style=\"color:#5BC4DE;margin-bottom:16px;\">\u25c6 CONT\u00c1CTANOS \u00b7 BLDCPUMP<\/div>\n      <h1 style=\"font-family:-apple-system,BlinkMacSystemFont,'Segoe UI',Roboto,'Helvetica Neue',Arial,sans-serif;font-size:clamp(36px,5vw,60px);font-weight:600;color:#ffffff;letter-spacing:-0.03em;line-height:1.05;margin:0;\">\n        Cont\u00e1ctanos\n      <\/h1>\n    <\/div>\n  <\/section>\n\n  <!-- \u2550\u2550\u2550\u2550\u2550\u2550\u2550\u2550\u2550\u2550\u2550\u2550\u2550\u2550\u2550\u2550\u2550\u2550\u2550\u2550\u2550\u2550\u2550\u2550\u2550\u2550\u2550\u2550\u2550\u2550\u2550\u2550\u2550\u2550\u2550\u2550\u2550\u2550\u2550\u2550\u2550\u2550\u2550\u2550\u2550\u2550\u2550\u2550\u2550\u2550\u2550\n       SECTION 2 -- CONTACT FORM & COMPANY INFO\n  \u2550\u2550\u2550\u2550\u2550\u2550\u2550\u2550\u2550\u2550\u2550\u2550\u2550\u2550\u2550\u2550\u2550\u2550\u2550\u2550\u2550\u2550\u2550\u2550\u2550\u2550\u2550\u2550\u2550\u2550\u2550\u2550\u2550\u2550\u2550\u2550\u2550\u2550\u2550\u2550\u2550\u2550\u2550\u2550\u2550\u2550\u2550\u2550\u2550\u2550\u2550 -->\n  <section\n    aria-label=\"Formulario de contacto e informaci\u00f3n de la empresa\"\n    style=\"background:#F6F8FA;padding:80px 56px;\"\n  >\n    <div style=\"max-width:1280px;margin:0 auto;display:grid;grid-template-columns:1fr 1fr;gap:48px;align-items:start;\">\n\n      <!-- LEFT COLUMN -- Quick Quote Form -->\n      <div>\n        <div class=\"kicker\" style=\"margin-bottom:12px;\">\u25c6 FORMULARIO DE PRESUPUESTO R\u00c1PIDO<\/div>\n        <h2 style=\"font-family:-apple-system,BlinkMacSystemFont,'Segoe UI',Roboto,'Helvetica Neue',Arial,sans-serif;font-size:clamp(24px,3vw,36px);font-weight:600;color:#062A42;letter-spacing:-0.02em;line-height:1.1;margin:0 0 14px;\">\n          Solicita un presupuesto r\u00e1pido\n        <\/h2>\n        <p style=\"font-family:-apple-system,BlinkMacSystemFont,'Segoe UI',Roboto,'Helvetica Neue',Arial,sans-serif;font-size:15px;color:#6B7A88;line-height:1.65;margin:0 0 32px;\">\n          Aseg\u00farese de que su direcci\u00f3n de correo electr\u00f3nico sea correcta y precisa para que podamos contactarle a tiempo. Nuestros clientes son importantes para nosotros y le aseguramos que sus datos est\u00e1n seguros con nosotros.\n        <\/p>\n\n        <!-- Contact Form 7 placeholder -- shortcode will be added here -->\n        <div id=\"quick-quote\" class=\"form-anchor\" aria-label=\"Formulario de contacto para obtener un presupuesto r\u00e1pido\" style=\"background:#ffffff;border:1px solid #E3E8EE;border-radius:8px;padding:32px;box-shadow:0 1px 2px rgba(6,42,66,.06),0 1px 0 rgba(6,42,66,.04);\">\n          \n<div class=\"wpcf7 no-js\" id=\"wpcf7-f1170-o1\" lang=\"en-US\" dir=\"ltr\" data-wpcf7-id=\"1170\">\n<div class=\"screen-reader-response\"><p role=\"status\" aria-live=\"polite\" aria-atomic=\"true\"><\/p> <ul><\/ul><\/div>\n<form action=\"\/es\/wp-json\/wp\/v2\/pages\/977#wpcf7-f1170-o1\" method=\"post\" class=\"wpcf7-form init\" id=\"contact-form-zjf\" aria-label=\"Contact form\" novalidate=\"novalidate\" data-status=\"init\" data-trp-original-action=\"\/es\/wp-json\/wp\/v2\/pages\/977#wpcf7-f1170-o1\">\n<fieldset class=\"hidden-fields-container\"><input type=\"hidden\" name=\"_wpcf7\" value=\"1170\" \/><input type=\"hidden\" name=\"_wpcf7_version\" value=\"6.1.5\" \/><input type=\"hidden\" name=\"_wpcf7_locale\" value=\"en_US\" \/><input type=\"hidden\" name=\"_wpcf7_unit_tag\" value=\"wpcf7-f1170-o1\" \/><input type=\"hidden\" name=\"_wpcf7_container_post\" value=\"0\" \/><input type=\"hidden\" name=\"_wpcf7_posted_data_hash\" value=\"\" \/>\n<\/fieldset>\n<div class=\"wpcf7-row\"><label class=\"wpcf7-label\">Su nombre<\/label><span class=\"wpcf7-form-control-wrap\" data-name=\"your-name\"><input size=\"40\" maxlength=\"400\" class=\"wpcf7-form-control wpcf7-text wpcf7-validates-as-required\" aria-required=\"true\" aria-invalid=\"false\" placeholder=\"Su nombre\" value=\"\" type=\"text\" name=\"your-name\" \/><\/span><\/div>\n<div class=\"wpcf7-row\"><label class=\"wpcf7-label\">Tu correo electr\u00f3nico<\/label><span class=\"wpcf7-form-control-wrap\" data-name=\"your-email\"><input size=\"40\" maxlength=\"400\" class=\"wpcf7-form-control wpcf7-email wpcf7-validates-as-required wpcf7-text wpcf7-validates-as-email\" aria-required=\"true\" aria-invalid=\"false\" placeholder=\"Tu correo electr\u00f3nico\" value=\"\" type=\"email\" name=\"your-email\" \/><\/span><\/div>\n<div class=\"wpcf7-row\"><label class=\"wpcf7-label\">Tu mensaje<\/label><span class=\"wpcf7-form-control-wrap\" data-name=\"your-message\"><textarea cols=\"40\" rows=\"10\" maxlength=\"2000\" class=\"wpcf7-form-control wpcf7-textarea wpcf7-validates-as-required\" aria-required=\"true\" aria-invalid=\"false\" placeholder=\"Tu mensaje\" name=\"your-message\"><\/textarea><\/span><\/div>\n<input class=\"wpcf7-form-control wpcf7-hidden\" id=\"quote-list-field\" value=\"\" type=\"hidden\" name=\"quote-list\" \/>\n<input class=\"wpcf7-form-control wpcf7-hidden\" value=\"\" type=\"hidden\" name=\"utm_source\" \/>\n<input class=\"wpcf7-form-control wpcf7-hidden\" value=\"\" type=\"hidden\" name=\"utm_medium\" \/>\n<input class=\"wpcf7-form-control wpcf7-hidden\" value=\"\" type=\"hidden\" name=\"utm_campaign\" \/>\n<input class=\"wpcf7-form-control wpcf7-hidden\" value=\"\" type=\"hidden\" name=\"utm_term\" \/>\n<input class=\"wpcf7-form-control wpcf7-hidden\" value=\"\" type=\"hidden\" name=\"utm_searchterm\" \/>\n<input class=\"wpcf7-form-control wpcf7-hidden\" value=\"\" type=\"hidden\" name=\"utm_content\" \/>\n<div class=\"wpcf7-actions\"><input class=\"wpcf7-form-control wpcf7-submit has-spinner\" type=\"submit\" value=\"Enviar\" \/><\/div><div class=\"wpcf7-response-output\" aria-hidden=\"true\"><\/div>\n<input type=\"hidden\" name=\"trp-form-language\" value=\"es\"\/><\/form>\n<\/div>\n\n        <\/div>\n      <\/div>\n\n      <!-- RIGHT COLUMN -- Company Information Card -->\n      <div>\n        <div class=\"kicker\" style=\"margin-bottom:12px;\">\u25c6 INFORMACI\u00d3N DE LA EMPRESA<\/div>\n        <h2 style=\"font-family:-apple-system,BlinkMacSystemFont,'Segoe UI',Roboto,'Helvetica Neue',Arial,sans-serif;font-size:clamp(24px,3vw,36px);font-weight:600;color:#062A42;letter-spacing:-0.02em;line-height:1.1;margin:0 0 14px;\">\n          \u00bfPor qu\u00e9 trabajar con nosotros?\n        <\/h2>\n        <p style=\"font-family:-apple-system,BlinkMacSystemFont,'Segoe UI',Roboto,'Helvetica Neue',Arial,sans-serif;font-size:15px;color:#6B7A88;line-height:1.65;margin:0 0 32px;\">\n          Somos un fabricante de bombas de CC sin escobillas con sede en Shenzhen, que vende directamente a fabricantes de equipos originales (OEM). Sin intermediarios, la comunicaci\u00f3n entre ingenieros es constante. Env\u00ede su consulta a trav\u00e9s del formulario de la izquierda.\n        <\/p>\n\n        <div\n          style=\"background:#ffffff;border:1px solid #E3E8EE;border-radius:8px;padding:36px;box-shadow:0 1px 2px rgba(6,42,66,.06),0 1px 0 rgba(6,42,66,.04);\"\n        >\n          <!-- Intro paragraphs -->\n          <p style=\"font-family:-apple-system,BlinkMacSystemFont,'Segoe UI',Roboto,'Helvetica Neue',Arial,sans-serif;font-size:16px;font-style:italic;color:#6B7A88;line-height:1.65;margin:0 0 22px;\">\n            \"Diga adi\u00f3s a la mala comunicaci\u00f3n con los intermediarios y comun\u00edquese directamente con el fabricante. En lugar de limitarnos a venderle un producto, le ofrecemos un servicio t\u00e9cnico integral y una soluci\u00f3n completa para sus necesidades.\"\n          <\/p>\n          <p style=\"font-family:-apple-system,BlinkMacSystemFont,'Segoe UI',Roboto,'Helvetica Neue',Arial,sans-serif;font-size:16px;font-style:italic;color:#6B7A88;line-height:1.65;margin:0 0 28px;\">\n            \"&quot;Nos enfrentamos a una gran variedad de problemas con nuestros clientes a diario. Nos encantan estos problemas y nos encanta a\u00fan m\u00e1s resolverlos. Como resultado, hemos descubierto cada vez m\u00e1s ideas nuevas que nos han ayudado a mejorar nuestras habilidades profesionales.&quot;\"\n          <\/p>\n\n          <!-- Divider -->\n          <hr style=\"border:none;border-top:1.5px solid #E3E8EE;margin:0 0 24px;\" \/>\n\n          <!-- Contact details list -->\n          <ul style=\"list-style:none;padding:0;margin:0;display:flex;flex-direction:column;gap:22px;\" aria-label=\"Datos de contacto de la empresa\">\n\n            <!-- Address -->\n            <li style=\"display:flex;align-items:flex-start;gap:16px;\">\n              <span style=\"flex-shrink:0;width:40px;height:40px;background:#E6F4F9;border-radius:4px;display:flex;align-items:center;justify-content:center;\" aria-hidden=\"true\">\n                <svg width=\"16\" height=\"16\" viewbox=\"0 0 24 24\" fill=\"none\" stroke=\"#1CA0C4\" stroke-width=\"1.8\" stroke-linecap=\"round\" stroke-linejoin=\"round\" aria-hidden=\"true\">\n                  <path d=\"M21 10c0 7-9 13-9 13S3 17 3 10a9 9 0 1 1 18 0z\"\/>\n                  <circle cx=\"12\" cy=\"10\" r=\"3\"\/>\n                <\/svg>\n              <\/span>\n              <div>\n                <div style=\"font-family:ui-monospace,'SF Mono',Menlo,Consolas,'Courier New',monospace;font-size:11px;font-weight:500;letter-spacing:0.12em;text-transform:uppercase;color:#6B7A88;margin-bottom:5px;\">DIRECCI\u00d3N<\/div>\n                <span style=\"font-family:-apple-system,BlinkMacSystemFont,'Segoe UI',Roboto,'Helvetica Neue',Arial,sans-serif;font-size:15px;color:#0F2533;line-height:1.55;\">Parque Industrial Tantou, Bao&#039;an, Shenzhen, Guangdong, China \u00b7 518105<\/span>\n              <\/div>\n            <\/li>\n\n            <!-- Email (Preferred) -->\n            <li style=\"display:flex;align-items:flex-start;gap:16px;\">\n              <span style=\"flex-shrink:0;width:40px;height:40px;background:#E6F4F9;border-radius:4px;display:flex;align-items:center;justify-content:center;\" aria-hidden=\"true\">\n                <svg width=\"16\" height=\"16\" viewbox=\"0 0 24 24\" fill=\"none\" stroke=\"#1CA0C4\" stroke-width=\"1.8\" stroke-linecap=\"round\" stroke-linejoin=\"round\" aria-hidden=\"true\">\n                  <rect x=\"3\" y=\"5\" width=\"18\" height=\"14\" rx=\"2\"\/>\n                  <path d=\"M3 7l9 6 9-6\"\/>\n                <\/svg>\n              <\/span>\n              <div>\n                <div style=\"font-family:ui-monospace,'SF Mono',Menlo,Consolas,'Courier New',monospace;font-size:11px;font-weight:500;letter-spacing:0.12em;text-transform:uppercase;color:#6B7A88;margin-bottom:5px;\">Correo electr\u00f3nico <span style=\"color:#1CA0C4;\">(Privilegiado)<\/span><\/div>\n                <a\n                  href=\"mailto:sales@bldcpump.com\"\n                  style=\"font-family:-apple-system,BlinkMacSystemFont,'Segoe UI',Roboto,'Helvetica Neue',Arial,sans-serif;font-size:15px;color:#1CA0C4;text-decoration:none;line-height:1.55;transition:color .2s;\"\n                  onmouseover=\"this.style.color='#0B5E8F'\"\n                  onmouseout=\"this.style.color='#1CA0C4'\"\n                >sales@bldcpump.com<\/a>\n              <\/div>\n            <\/li>\n\n            <!-- Tel (de-emphasized: muted color, no hover) -->\n            <li style=\"display:flex;align-items:flex-start;gap:16px;\">\n              <span style=\"flex-shrink:0;width:40px;height:40px;background:#F6F8FA;border-radius:4px;display:flex;align-items:center;justify-content:center;\" aria-hidden=\"true\">\n                <svg width=\"16\" height=\"16\" viewbox=\"0 0 24 24\" fill=\"none\" stroke=\"#6B7A88\" stroke-width=\"1.8\" stroke-linecap=\"round\" stroke-linejoin=\"round\" aria-hidden=\"true\">\n                  <path d=\"M22 16.9v3a2 2 0 0 1-2.2 2 19.8 19.8 0 0 1-8.6-3.1 19.5 19.5 0 0 1-6-6 19.8 19.8 0 0 1-3.1-8.7A2 2 0 0 1 4.1 2h3a2 2 0 0 1 2 1.7c.1 1 .4 2 .7 2.9a2 2 0 0 1-.5 2.1L8.1 9.9a16 16 0 0 0 6 6l1.2-1.2a2 2 0 0 1 2.1-.5c.9.3 1.9.6 2.9.7a2 2 0 0 1 1.7 2z\"\/>\n                <\/svg>\n              <\/span>\n              <div>\n                <div style=\"font-family:ui-monospace,'SF Mono',Menlo,Consolas,'Courier New',monospace;font-size:11px;font-weight:500;letter-spacing:0.12em;text-transform:uppercase;color:#6B7A88;margin-bottom:5px;\">Tel\u00e9fono<\/div>\n                <a\n                  href=\"tel:+8675585261096\"\n                  style=\"font-family:-apple-system,BlinkMacSystemFont,'Segoe UI',Roboto,'Helvetica Neue',Arial,sans-serif;font-size:15px;color:#6B7A88;text-decoration:none;line-height:1.55;\"\n                >+86-755-85261096 <span style=\"font-size:13px;\">GMT+8<\/span><\/a>\n              <\/div>\n            <\/li>\n\n            <!-- Response Time -->\n            <li style=\"display:flex;align-items:flex-start;gap:16px;\">\n              <span style=\"flex-shrink:0;width:40px;height:40px;background:#E6F4F9;border-radius:4px;display:flex;align-items:center;justify-content:center;\" aria-hidden=\"true\">\n                <svg width=\"16\" height=\"16\" viewbox=\"0 0 24 24\" fill=\"none\" stroke=\"#1CA0C4\" stroke-width=\"1.8\" stroke-linecap=\"round\" stroke-linejoin=\"round\" aria-hidden=\"true\">\n                  <circle cx=\"12\" cy=\"12\" r=\"10\"\/>\n                  <path d=\"M12 6v6l4 2\"\/>\n                <\/svg>\n              <\/span>\n              <div>\n                <div style=\"font-family:ui-monospace,'SF Mono',Menlo,Consolas,'Courier New',monospace;font-size:11px;font-weight:500;letter-spacing:0.12em;text-transform:uppercase;color:#6B7A88;margin-bottom:5px;\">Tiempo de respuesta<\/div>\n                <span style=\"font-family:-apple-system,BlinkMacSystemFont,'Segoe UI',Roboto,'Helvetica Neue',Arial,sans-serif;font-size:15px;color:#0F2533;line-height:1.55;\">Normalmente en un plazo de 24 horas por correo electr\u00f3nico.<\/span>\n              <\/div>\n            <\/li>\n\n          <\/ul>\n        <\/div>\n      <\/div>\n\n    <\/div>\n  <\/section>\n\n  <!-- \u2550\u2550\u2550\u2550\u2550\u2550\u2550\u2550\u2550\u2550\u2550\u2550\u2550\u2550\u2550\u2550\u2550\u2550\u2550\u2550\u2550\u2550\u2550\u2550\u2550\u2550\u2550\u2550\u2550\u2550\u2550\u2550\u2550\u2550\u2550\u2550\u2550\u2550\u2550\u2550\u2550\u2550\u2550\u2550\u2550\u2550\u2550\u2550\u2550\u2550\u2550\n       SECTION 3 -- GOOGLE MAPS EMBED\n  \u2550\u2550\u2550\u2550\u2550\u2550\u2550\u2550\u2550\u2550\u2550\u2550\u2550\u2550\u2550\u2550\u2550\u2550\u2550\u2550\u2550\u2550\u2550\u2550\u2550\u2550\u2550\u2550\u2550\u2550\u2550\u2550\u2550\u2550\u2550\u2550\u2550\u2550\u2550\u2550\u2550\u2550\u2550\u2550\u2550\u2550\u2550\u2550\u2550\u2550\u2550 -->\n  <section\n    aria-label=\"Mapa de ubicaci\u00f3n de la empresa\"\n    style=\"background:#E3E8EE;padding:0;line-height:0;\"\n  >\n    <!-- Section header above map -->\n    <div style=\"background:#ffffff;padding:40px 56px 32px;line-height:1.5;\">\n      <div style=\"max-width:1280px;margin:0 auto;display:flex;align-items:center;justify-content:space-between;flex-wrap:wrap;gap:16px;\">\n        <div>\n          <div class=\"kicker\" style=\"margin-bottom:10px;\">\u25c6 ENCU\u00c9NTRENOS \u00b7 PARQUE INDUSTRIAL TANTOU, BAOAN, SHENZHEN<\/div>\n          <h2 style=\"font-family:-apple-system,BlinkMacSystemFont,'Segoe UI',Roboto,'Helvetica Neue',Arial,sans-serif;font-size:clamp(22px,3vw,32px);font-weight:600;color:#062A42;letter-spacing:-0.02em;line-height:1.1;margin:0;\">\n            Nuestra ubicaci\u00f3n\n          <\/h2>\n        <\/div>\n        <a\n          href=\"https:\/\/www.google.com\/maps\/place\/%E6%BD%AD%E5%A4%B4%E8%A5%BF%E9%83%A8%E5%B7%A5%E4%B8%9A%E5%9B%AD%E5%8C%BA\/@22.6910918,113.7703996,14z\"\n          target=\"_blank\"\n          rel=\"noopener noreferrer\"\n          class=\"btn-outline\"\n          style=\"padding:12px 22px;font-size:13px;\"\n          aria-label=\"Abrir ubicaci\u00f3n en Google Maps\"\n        >\n          Abrir en Google Maps\n          <svg width=\"14\" height=\"14\" viewbox=\"0 0 14 14\" fill=\"none\" aria-hidden=\"true\">\n            <path d=\"M2 7h10M8 3l4 4-4 4\" stroke=\"currentColor\" stroke-width=\"1.6\" stroke-linecap=\"round\" stroke-linejoin=\"round\"\/>\n          <\/svg>\n        <\/a>\n      <\/div>\n    <\/div>\n\n    <!-- Full-width iframe -->\n    <div style=\"width:100%;height:480px;position:relative;overflow:hidden;line-height:0;\">\n      <iframe\n        title=\"Ubicaci\u00f3n de la empresa BLDCPUMP: Parque Industrial Tantou, Baoan, Shenzhen, China.\"\n        src=\"https:\/\/www.google.com\/maps\/embed?pb=!1m18!1m12!1m3!1d117791.95884873235!2d113.77039964777141!3d22.691091793358627!2m3!1f0!2f0!3f0!3m2!1i1024!2i768!4f13.1!3m3!1m2!1s0x340396bcb9f5422b%3A0xf056c04070f4587d!2z5r2t5aS06KW_6YOo5bel5Lia5Zml5Yy6!5e0!3m2!1szh-CN!2sus!4v1777079915695!5m2!1szh-CN!2sus\"\n        width=\"100%\"\n        height=\"480\"\n        style=\"border:0;display:block;width:100%;height:480px;\"\n        allowfullscreen=\"\"\n        loading=\"lazy\"\n        referrerpolicy=\"no-referrer-when-downgrade\"\n        aria-label=\"Mapa de Google que muestra el Parque Industrial Tantou, Baoan, Shenzhen, China.\"\n      ><\/iframe>\n    <\/div>\n  <\/section>\n\n<\/main>","protected":false},"excerpt":{"rendered":"<p>\u25c6 GET IN TOUCH \u00b7 BLDCPUMP Contact Us \u25c6 QUICK QUOTE FORM Submit a Quick Quote Make sure your email address is correct and accurate, so then We can contact you on time! Our customers are important to us, and we assure you that your data is safe with us. \u25c6 COMPANY INFORMATION Why Work [&hellip;]<\/p>\n","protected":false},"author":1,"featured_media":0,"parent":0,"menu_order":0,"comment_status":"closed","ping_status":"closed","template":"","meta":{"_acf_changed":false,"_seopress_robots_primary_cat":"","_seopress_titles_title":"Contact Us \u00b7 OEM Inquiry & Tech Support | BLDC PUMP","_seopress_titles_desc":"Get a quote or technical answer within 24 h. Direct-to-OEM brushless DC pump manufacturer in Tantou Industrial Park, Bao'an, Shenzhen \u2014 engineers replying.","_seopress_robots_index":"","_seopress_analysis_target_kw":"","_zeroy_edited":true,"_zeroy_last_edited":"2026-04-26 03:38:39","footnotes":""},"class_list":["post-977","page","type-page","status-publish","hentry"],"acf":[],"_links":{"self":[{"href":"https:\/\/www.bldcpump.com\/es\/wp-json\/wp\/v2\/pages\/977","targetHints":{"allow":["GET"]}}],"collection":[{"href":"https:\/\/www.bldcpump.com\/es\/wp-json\/wp\/v2\/pages"}],"about":[{"href":"https:\/\/www.bldcpump.com\/es\/wp-json\/wp\/v2\/types\/page"}],"author":[{"embeddable":true,"href":"https:\/\/www.bldcpump.com\/es\/wp-json\/wp\/v2\/users\/1"}],"replies":[{"embeddable":true,"href":"https:\/\/www.bldcpump.com\/es\/wp-json\/wp\/v2\/comments?post=977"}],"version-history":[{"count":5,"href":"https:\/\/www.bldcpump.com\/es\/wp-json\/wp\/v2\/pages\/977\/revisions"}],"predecessor-version":[{"id":1191,"href":"https:\/\/www.bldcpump.com\/es\/wp-json\/wp\/v2\/pages\/977\/revisions\/1191"}],"wp:attachment":[{"href":"https:\/\/www.bldcpump.com\/es\/wp-json\/wp\/v2\/media?parent=977"}],"curies":[{"name":"wp","href":"https:\/\/api.w.org\/{rel}","templated":true}]}}